{"id":184,"date":"2026-03-08T22:05:55","date_gmt":"2026-03-08T22:05:55","guid":{"rendered":"https:\/\/esgi2026.ubi.pt\/?page_id=184"},"modified":"2026-03-31T21:22:00","modified_gmt":"2026-03-31T21:22:00","slug":"contact","status":"publish","type":"page","link":"https:\/\/esgi2026.ubi.pt\/index.php\/contact\/","title":{"rendered":"Contact"},"content":{"rendered":"\n<p>Email us at <a href=\"mailto:esgi2026@ubi.pt\">esgi2026@ubi.pt<\/a><\/p>\n\n\n\n<p><br><br><\/p>\n\n\n\n<p><strong>Organizing Committee<\/strong><\/p>\n\n\n\n<p>Ana Paula Andr\u00e9 Martins Fernandes &#8211; UBI<\/p>\n\n\n\n<p>Jos\u00e9 Carlos Matos Duque &#8211; UBI<\/p>\n\n\n\n<p>Pedro Mendes Ferr\u00e3o Sim\u00f5es Patr\u00edcio &#8211; UBI<\/p>\n\n\n\n<p>Rog\u00e9rio Pedro Fernandes Ser\u00f4dio &#8211; UBI<\/p>\n\n\n\n<p>Sandra Cristina de Pinto Vaz &#8211; UBI<\/p>\n\n\n\n<p>Silv\u00e9rio Sim\u00f5es Rosa &#8211; UBI<\/p>\n\n\n\n<p><br><strong>Scientific Committee<\/strong><\/p>\n\n\n\n<p>Ad\u00e9rito Lu\u00eds Martins Ara\u00fajo &#8211; UC &nbsp;<\/p>\n\n\n\n<p>Ana Isabel Pereira de Moura &#8211; ISEP &nbsp;<\/p>\n\n\n\n<p>Aldina Isabel de Azevedo Correia \u2013 ESTG &nbsp;<\/p>\n\n\n\n<p>Jos\u00e9 Carlos Matos Duque &#8211; UBI&nbsp;<\/p>\n\n\n\n<p>Maria Raquel Feliciano Barreira &#8211; IPS &nbsp;<\/p>\n\n\n\n<p>Nuno David de Jesus Lopes &#8211; ISEL &nbsp;<\/p>\n\n\n\n<p>Ricardo Roque Engui\u00e7a &#8211; ISEL&nbsp;<\/p>\n\n\n\n<p>Rui Jorge Ferreira Soares Borges Lopes \u2013 UA&nbsp;<\/p>\n","protected":false},"excerpt":{"rendered":"<p>Email us at esgi2026@ubi.pt Organizing Committee Ana Paula Andr\u00e9 Martins Fernandes &#8211; UBI Jos\u00e9 Carlos Matos Duque &#8211; UBI Pedro Mendes Ferr\u00e3o Sim\u00f5es Patr\u00edcio &#8211; UBI Rog\u00e9rio Pedro Fernandes Ser\u00f4dio &#8211; UBI Sandra Cristina de Pinto Vaz &#8211; UBI Silv\u00e9rio Sim\u00f5es Rosa &#8211; UBI Scientific Committee Ad\u00e9rito Lu\u00eds Martins Ara\u00fajo &#8211; UC &nbsp; Ana Isabel [&hellip;]<\/p>\n","protected":false},"author":1,"featured_media":0,"parent":0,"menu_order":0,"comment_status":"closed","ping_status":"closed","template":"","meta":{"footnotes":""},"class_list":["post-184","page","type-page","status-publish","hentry"],"_links":{"self":[{"href":"https:\/\/esgi2026.ubi.pt\/index.php\/wp-json\/wp\/v2\/pages\/184","targetHints":{"allow":["GET"]}}],"collection":[{"href":"https:\/\/esgi2026.ubi.pt\/index.php\/wp-json\/wp\/v2\/pages"}],"about":[{"href":"https:\/\/esgi2026.ubi.pt\/index.php\/wp-json\/wp\/v2\/types\/page"}],"author":[{"embeddable":true,"href":"https:\/\/esgi2026.ubi.pt\/index.php\/wp-json\/wp\/v2\/users\/1"}],"replies":[{"embeddable":true,"href":"https:\/\/esgi2026.ubi.pt\/index.php\/wp-json\/wp\/v2\/comments?post=184"}],"version-history":[{"count":3,"href":"https:\/\/esgi2026.ubi.pt\/index.php\/wp-json\/wp\/v2\/pages\/184\/revisions"}],"predecessor-version":[{"id":196,"href":"https:\/\/esgi2026.ubi.pt\/index.php\/wp-json\/wp\/v2\/pages\/184\/revisions\/196"}],"wp:attachment":[{"href":"https:\/\/esgi2026.ubi.pt\/index.php\/wp-json\/wp\/v2\/media?parent=184"}],"curies":[{"name":"wp","href":"https:\/\/api.w.org\/{rel}","templated":true}]}}